{"id":12,"date":"2024-04-12T23:08:13","date_gmt":"2024-04-12T23:08:13","guid":{"rendered":"https:\/\/hrglobal.info\/wp\/?page_id=12"},"modified":"2025-04-07T02:35:08","modified_gmt":"2025-04-07T02:35:08","slug":"sobre-nosotros","status":"publish","type":"page","link":"https:\/\/hrglobal.info\/index.php\/sobre-nosotros\/","title":{"rendered":"Sobre Nosotros"},"content":{"rendered":"\t\t<div data-elementor-type=\"wp-page\" data-elementor-id=\"12\" class=\"elementor elementor-12\">\n\t\t\t\t<div class=\"elementor-element elementor-element-5eb97ee e-con-full e-flex e-con e-parent\" data-id=\"5eb97ee\" data-element_type=\"container\">\n\t\t<div class=\"elementor-element elementor-element-d81e9c4 e-grid e-con-full e-con e-child\" data-id=\"d81e9c4\" data-element_type=\"container\">\n\t\t\t\t<div class=\"elementor-element elementor-element-6e464159 elementor-widget__width-inherit elementor-widget elementor-widget-text-editor\" data-id=\"6e464159\" data-element_type=\"widget\" data-widget_type=\"text-editor.default\">\n\t\t\t\t<div class=\"elementor-widget-container\">\n\t\t\t\t\t\t\t\t\t<p>Con m\u00e1s de 20 a\u00f1os de experiencia en iGaming y Tecnolog\u00edas de la Informaci\u00f3n, HR Global ofrece soluciones personalizadas para la gesti\u00f3n del talento. Nuestros consultores, con experiencia en corporaciones multinacionales en diversos mercados, generan resultados que impulsan el \u00e9xito de su empresa.<\/p><p><img fetchpriority=\"high\" decoding=\"async\" class=\"alignnone size-full wp-image-352\" src=\"https:\/\/hrglobal.info\/wp-content\/uploads\/2025\/03\/logos.png\" alt=\"\" width=\"1018\" height=\"471\" srcset=\"https:\/\/hrglobal.info\/wp-content\/uploads\/2025\/03\/logos.png 1018w, https:\/\/hrglobal.info\/wp-content\/uploads\/2025\/03\/logos-300x139.png 300w, https:\/\/hrglobal.info\/wp-content\/uploads\/2025\/03\/logos-768x355.png 768w\" sizes=\"(max-width: 1018px) 100vw, 1018px\" \/><\/p><p><strong>Liderazgo experto<\/strong>: Ricardo Charpentier, Director de HR Global, cuenta con una s\u00f3lida trayectoria en empresas l\u00edderes como Unisys, Sykes, Abbott Laboratories, Kraft Foods, Omnex Group, Bodog Entertainment, SportsbookReview y Advision Development.<\/p><p><!-- \/wp:fl-builder\/layout --><\/p>\t\t\t\t\t\t\t\t<\/div>\n\t\t\t\t<\/div>\n\t\t\t\t<div class=\"elementor-element elementor-element-60a8758 elementor-widget elementor-widget-text-editor\" data-id=\"60a8758\" data-element_type=\"widget\" data-widget_type=\"text-editor.default\">\n\t\t\t\t<div class=\"elementor-widget-container\">\n\t\t\t\t\t\t\t\t\t<p><strong><span style=\"text-decoration: underline;\">Porqu\u00e9<\/span> <span style=\"text-decoration: underline;\">HRGlobal<\/span>?<\/strong><br \/><strong>Experiencia en iGaming y Tecnolog\u00eda<\/strong>: Entendemos la din\u00e1mica de estas industrias.<br \/><strong>Consultores especializados<\/strong>: Un equipo con amplia experiencia en corporaciones multinacionales.<br \/><strong>Soluciones personalizadas<\/strong>: Adaptamos las estrategias a sus necesidades.<\/p><p><img decoding=\"async\" class=\"alignnone size-large wp-image-374\" src=\"https:\/\/hrglobal.info\/wp-content\/uploads\/2025\/03\/group-positive-young-people-posing-together-1024x683.jpg\" alt=\"\" width=\"640\" height=\"427\" srcset=\"https:\/\/hrglobal.info\/wp-content\/uploads\/2025\/03\/group-positive-young-people-posing-together-1024x683.jpg 1024w, https:\/\/hrglobal.info\/wp-content\/uploads\/2025\/03\/group-positive-young-people-posing-together-300x200.jpg 300w, https:\/\/hrglobal.info\/wp-content\/uploads\/2025\/03\/group-positive-young-people-posing-together-768x513.jpg 768w, https:\/\/hrglobal.info\/wp-content\/uploads\/2025\/03\/group-positive-young-people-posing-together-1536x1025.jpg 1536w, https:\/\/hrglobal.info\/wp-content\/uploads\/2025\/03\/group-positive-young-people-posing-together-2048x1367.jpg 2048w\" sizes=\"(max-width: 640px) 100vw, 640px\" \/><\/p>\t\t\t\t\t\t\t\t<\/div>\n\t\t\t\t<\/div>\n\t\t\t\t<\/div>\n\t\t\t\t<\/div>\n\t\t\t\t<\/div>\n\t\t","protected":false},"excerpt":{"rendered":"<p>Con m\u00e1s de 20 a\u00f1os de experiencia en iGaming y Tecnolog\u00edas de la Informaci\u00f3n, HR Global ofrece soluciones personalizadas para la gesti\u00f3n del talento. Nuestros consultores, con experiencia en corporaciones multinacionales en diversos mercados, generan resultados que impulsan el \u00e9xito de su empresa. Liderazgo experto: Ricardo Charpentier, Director de HR Global, cuenta con una s\u00f3lida [&hellip;]<\/p>\n","protected":false},"author":2,"featured_media":0,"parent":0,"menu_order":0,"comment_status":"closed","ping_status":"closed","template":"","meta":{"footnotes":""},"class_list":["post-12","page","type-page","status-publish","hentry"],"_links":{"self":[{"href":"https:\/\/hrglobal.info\/index.php\/wp-json\/wp\/v2\/pages\/12","targetHints":{"allow":["GET"]}}],"collection":[{"href":"https:\/\/hrglobal.info\/index.php\/wp-json\/wp\/v2\/pages"}],"about":[{"href":"https:\/\/hrglobal.info\/index.php\/wp-json\/wp\/v2\/types\/page"}],"author":[{"embeddable":true,"href":"https:\/\/hrglobal.info\/index.php\/wp-json\/wp\/v2\/users\/2"}],"replies":[{"embeddable":true,"href":"https:\/\/hrglobal.info\/index.php\/wp-json\/wp\/v2\/comments?post=12"}],"version-history":[{"count":42,"href":"https:\/\/hrglobal.info\/index.php\/wp-json\/wp\/v2\/pages\/12\/revisions"}],"predecessor-version":[{"id":718,"href":"https:\/\/hrglobal.info\/index.php\/wp-json\/wp\/v2\/pages\/12\/revisions\/718"}],"wp:attachment":[{"href":"https:\/\/hrglobal.info\/index.php\/wp-json\/wp\/v2\/media?parent=12"}],"curies":[{"name":"wp","href":"https:\/\/api.w.org\/{rel}","templated":true}]}}