{"id":480,"date":"2025-03-18T15:27:49","date_gmt":"2025-03-18T15:27:49","guid":{"rendered":"https:\/\/staging.hrglobal.info\/www\/?page_id=480"},"modified":"2025-04-07T02:38:47","modified_gmt":"2025-04-07T02:38:47","slug":"outplacement-2","status":"publish","type":"page","link":"https:\/\/hrglobal.info\/index.php\/outplacement-2\/","title":{"rendered":"Outplacement"},"content":{"rendered":"\t\t<div data-elementor-type=\"wp-page\" data-elementor-id=\"480\" class=\"elementor elementor-480\">\n\t\t\t\t<div class=\"elementor-element elementor-element-9d3e93a e-grid e-con-boxed e-con e-parent\" data-id=\"9d3e93a\" data-element_type=\"container\">\n\t\t\t\t\t<div class=\"e-con-inner\">\n\t\t<div class=\"elementor-element elementor-element-4c8429d e-con-full e-flex e-con e-child\" data-id=\"4c8429d\" data-element_type=\"container\">\n\t\t\t\t<div class=\"elementor-element elementor-element-6267e4b elementor-widget elementor-widget-text-editor\" data-id=\"6267e4b\" data-element_type=\"widget\" data-widget_type=\"text-editor.default\">\n\t\t\t\t<div class=\"elementor-widget-container\">\n\t\t\t\t\t\t\t\t\t<p>En HR Global, ayudamos a su empresa a gestionar fusiones, adquisiciones o reestructuraciones de manera humana y efectiva. Nuestro servicio de Outplacement garantiza una transici\u00f3n fluida para sus colaboradores, con una metodolog\u00eda comprobada que acelera su reinserci\u00f3n laboral.<\/p><p><strong><span style=\"text-decoration: underline;\">Beneficios<\/span> <span style=\"text-decoration: underline;\">Clave<\/span>:<br \/><\/strong>Programas personalizados (individuales y grupales).<br \/>Reinserci\u00f3n laboral r\u00e1pida y efectiva.<br \/>Mejora de la reputaci\u00f3n corporativa y reducci\u00f3n de riesgos legales.<br \/>Servicios complementarios:<\/p><p>Consultor\u00eda Organizacional<br \/>Auditor\u00eda de Recursos Humanos<br \/>Clima Organizacional<br \/>Capacitaci\u00f3n y Desarrollo<\/p><p>Haga click <span style=\"text-decoration: underline;\"><strong><a href=\"https:\/\/hrglobal.youcanbook.me\/\">aqui<\/a><\/strong><\/span> para agendar una reuni\u00f3n!<\/p>\t\t\t\t\t\t\t\t<\/div>\n\t\t\t\t<\/div>\n\t\t\t\t<\/div>\n\t\t<div class=\"elementor-element elementor-element-713c4f6 e-con-full e-flex e-con e-child\" data-id=\"713c4f6\" data-element_type=\"container\">\n\t\t\t\t<div class=\"elementor-element elementor-element-b452c40 elementor-widget elementor-widget-image\" data-id=\"b452c40\" data-element_type=\"widget\" data-widget_type=\"image.default\">\n\t\t\t\t<div class=\"elementor-widget-container\">\n\t\t\t\t\t\t\t\t\t\t\t\t\t\t\t\t<a href=\"https:\/\/hrglobal.info\/wp-content\/uploads\/2025\/03\/vertical-image-two-young-happy-women-using-smartphone-scaled.jpg\" data-elementor-open-lightbox=\"yes\" data-elementor-lightbox-title=\"Vertical image of Two young happy women using smartphone\" data-e-action-hash=\"#elementor-action%3Aaction%3Dlightbox%26settings%3DeyJpZCI6Mzg2LCJ1cmwiOiJodHRwczpcL1wvaHJnbG9iYWwuaW5mb1wvd3AtY29udGVudFwvdXBsb2Fkc1wvMjAyNVwvMDNcL3ZlcnRpY2FsLWltYWdlLXR3by15b3VuZy1oYXBweS13b21lbi11c2luZy1zbWFydHBob25lLXNjYWxlZC5qcGcifQ%3D%3D\">\n\t\t\t\t\t\t\t<img fetchpriority=\"high\" decoding=\"async\" width=\"640\" height=\"960\" src=\"https:\/\/hrglobal.info\/wp-content\/uploads\/2025\/03\/vertical-image-two-young-happy-women-using-smartphone-768x1152.jpg\" class=\"attachment-medium_large size-medium_large wp-image-386\" alt=\"Vertical image of Two young happy HR Global employees\" srcset=\"https:\/\/hrglobal.info\/wp-content\/uploads\/2025\/03\/vertical-image-two-young-happy-women-using-smartphone-768x1152.jpg 768w, https:\/\/hrglobal.info\/wp-content\/uploads\/2025\/03\/vertical-image-two-young-happy-women-using-smartphone-200x300.jpg 200w, https:\/\/hrglobal.info\/wp-content\/uploads\/2025\/03\/vertical-image-two-young-happy-women-using-smartphone-683x1024.jpg 683w, https:\/\/hrglobal.info\/wp-content\/uploads\/2025\/03\/vertical-image-two-young-happy-women-using-smartphone-1024x1536.jpg 1024w, https:\/\/hrglobal.info\/wp-content\/uploads\/2025\/03\/vertical-image-two-young-happy-women-using-smartphone-1365x2048.jpg 1365w, https:\/\/hrglobal.info\/wp-content\/uploads\/2025\/03\/vertical-image-two-young-happy-women-using-smartphone-scaled.jpg 1707w\" sizes=\"(max-width: 640px) 100vw, 640px\" \/>\t\t\t\t\t\t\t\t<\/a>\n\t\t\t\t\t\t\t\t\t\t\t\t\t\t\t<\/div>\n\t\t\t\t<\/div>\n\t\t\t\t<\/div>\n\t\t\t\t\t<\/div>\n\t\t\t\t<\/div>\n\t\t\t\t<\/div>\n\t\t","protected":false},"excerpt":{"rendered":"<p>En HR Global, ayudamos a su empresa a gestionar fusiones, adquisiciones o reestructuraciones de manera humana y efectiva. Nuestro servicio de Outplacement garantiza una transici\u00f3n fluida para sus colaboradores, con una metodolog\u00eda comprobada que acelera su reinserci\u00f3n laboral. Beneficios Clave:Programas personalizados (individuales y grupales).Reinserci\u00f3n laboral r\u00e1pida y efectiva.Mejora de la reputaci\u00f3n corporativa y reducci\u00f3n de [&hellip;]<\/p>\n","protected":false},"author":2,"featured_media":0,"parent":0,"menu_order":0,"comment_status":"closed","ping_status":"closed","template":"","meta":{"footnotes":""},"class_list":["post-480","page","type-page","status-publish","hentry"],"_links":{"self":[{"href":"https:\/\/hrglobal.info\/index.php\/wp-json\/wp\/v2\/pages\/480","targetHints":{"allow":["GET"]}}],"collection":[{"href":"https:\/\/hrglobal.info\/index.php\/wp-json\/wp\/v2\/pages"}],"about":[{"href":"https:\/\/hrglobal.info\/index.php\/wp-json\/wp\/v2\/types\/page"}],"author":[{"embeddable":true,"href":"https:\/\/hrglobal.info\/index.php\/wp-json\/wp\/v2\/users\/2"}],"replies":[{"embeddable":true,"href":"https:\/\/hrglobal.info\/index.php\/wp-json\/wp\/v2\/comments?post=480"}],"version-history":[{"count":19,"href":"https:\/\/hrglobal.info\/index.php\/wp-json\/wp\/v2\/pages\/480\/revisions"}],"predecessor-version":[{"id":727,"href":"https:\/\/hrglobal.info\/index.php\/wp-json\/wp\/v2\/pages\/480\/revisions\/727"}],"wp:attachment":[{"href":"https:\/\/hrglobal.info\/index.php\/wp-json\/wp\/v2\/media?parent=480"}],"curies":[{"name":"wp","href":"https:\/\/api.w.org\/{rel}","templated":true}]}}