{"id":63,"date":"2024-04-13T02:45:56","date_gmt":"2024-04-13T02:45:56","guid":{"rendered":"https:\/\/hrglobal.info\/wp\/?page_id=63"},"modified":"2025-04-07T03:12:39","modified_gmt":"2025-04-07T03:12:39","slug":"nuestra-mision","status":"publish","type":"page","link":"https:\/\/hrglobal.info\/index.php\/nuestra-mision\/","title":{"rendered":"Nuestra Misi\u00f3n"},"content":{"rendered":"\t\t<div data-elementor-type=\"wp-page\" data-elementor-id=\"63\" class=\"elementor elementor-63\">\n\t\t\t\t<div class=\"elementor-element elementor-element-33ab6336 e-flex e-con-boxed e-con e-parent\" data-id=\"33ab6336\" data-element_type=\"container\">\n\t\t\t\t\t<div class=\"e-con-inner\">\n\t\t<div class=\"elementor-element elementor-element-d2e8216 e-grid e-con-full e-con e-child\" data-id=\"d2e8216\" data-element_type=\"container\">\n\t\t\t\t<div class=\"elementor-element elementor-element-1464678 elementor-widget elementor-widget-text-editor\" data-id=\"1464678\" data-element_type=\"widget\" data-widget_type=\"text-editor.default\">\n\t\t\t\t<div class=\"elementor-widget-container\">\n\t\t\t\t\t\t\t\t\t<p>Conectamos el talento excepcional con las industrias l\u00edderes: <br \/><img fetchpriority=\"high\" decoding=\"async\" class=\"alignnone size-full wp-image-555\" src=\"https:\/\/hrglobal.info\/wp-content\/uploads\/2025\/03\/techFintech3-4.png\" alt=\"\" width=\"463\" height=\"146\" srcset=\"https:\/\/hrglobal.info\/wp-content\/uploads\/2025\/03\/techFintech3-4.png 463w, https:\/\/hrglobal.info\/wp-content\/uploads\/2025\/03\/techFintech3-4-300x95.png 300w\" sizes=\"(max-width: 463px) 100vw, 463px\" \/><\/p><p>En HR Global, nos especializamos en Reclutamiento, Outplacement y Consultor\u00eda en Recursos Humanos, ofreciendo soluciones efectivas y sin riesgos para empresas que buscan talento calificado en LATAM, Europa y Asia.<\/p><p>Agende <span style=\"text-decoration: underline;\"><strong><a href=\"https:\/\/hrglobal.youcanbook.me\/\">aqui<\/a><\/strong><\/span> una reuni\u00f3n hoy mismo y descubra c\u00f3mo potenciar su atracci\u00f3n de talento!<\/p><p>\u00a0<\/p>\t\t\t\t\t\t\t\t<\/div>\n\t\t\t\t<\/div>\n\t\t\t\t<div class=\"elementor-element elementor-element-f6dd636 elementor-widget elementor-widget-text-editor\" data-id=\"f6dd636\" data-element_type=\"widget\" data-widget_type=\"text-editor.default\">\n\t\t\t\t<div class=\"elementor-widget-container\">\n\t\t\t\t\t\t\t\t\t<p><strong><span style=\"text-decoration: underline;\">Porqu\u00e9<\/span> <span style=\"text-decoration: underline;\">HR<\/span> <span style=\"text-decoration: underline;\">Global<\/span>?<\/strong><br \/><strong>Contrataciones garantizadas:<\/strong> Los mejores profesionales con garant\u00eda que reduce su riesgo.<br \/><strong>Expertise global:<\/strong> Reclutadores especializados en iGaming, Fintech y Tech, con profundo conocimiento de cada mercado.<br \/><strong>Candidatos excepcionales:<\/strong> Talento con experiencia comprobada en su industria.<br \/><strong>Transparencia total<\/strong>: Precios claros y 100% basados en comisi\u00f3n por contrataci\u00f3n efectiva.<br \/><strong>Resultados r\u00e1pidos:<\/strong> Optimizamos su proceso de reclutamiento para ahorrar tiempo y recursos.<\/p>\t\t\t\t\t\t\t\t<\/div>\n\t\t\t\t<\/div>\n\t\t\t\t<\/div>\n\t\t\t\t\t<\/div>\n\t\t\t\t<\/div>\n\t\t\t\t<\/div>\n\t\t","protected":false},"excerpt":{"rendered":"<p>Conectamos el talento excepcional con las industrias l\u00edderes: En HR Global, nos especializamos en Reclutamiento, Outplacement y Consultor\u00eda en Recursos Humanos, ofreciendo soluciones efectivas y sin riesgos para empresas que buscan talento calificado en LATAM, Europa y Asia. Agende aqui una reuni\u00f3n hoy mismo y descubra c\u00f3mo potenciar su atracci\u00f3n de talento! \u00a0 Porqu\u00e9 HR [&hellip;]<\/p>\n","protected":false},"author":2,"featured_media":0,"parent":0,"menu_order":0,"comment_status":"closed","ping_status":"closed","template":"","meta":{"footnotes":""},"class_list":["post-63","page","type-page","status-publish","hentry"],"_links":{"self":[{"href":"https:\/\/hrglobal.info\/index.php\/wp-json\/wp\/v2\/pages\/63","targetHints":{"allow":["GET"]}}],"collection":[{"href":"https:\/\/hrglobal.info\/index.php\/wp-json\/wp\/v2\/pages"}],"about":[{"href":"https:\/\/hrglobal.info\/index.php\/wp-json\/wp\/v2\/types\/page"}],"author":[{"embeddable":true,"href":"https:\/\/hrglobal.info\/index.php\/wp-json\/wp\/v2\/users\/2"}],"replies":[{"embeddable":true,"href":"https:\/\/hrglobal.info\/index.php\/wp-json\/wp\/v2\/comments?post=63"}],"version-history":[{"count":25,"href":"https:\/\/hrglobal.info\/index.php\/wp-json\/wp\/v2\/pages\/63\/revisions"}],"predecessor-version":[{"id":755,"href":"https:\/\/hrglobal.info\/index.php\/wp-json\/wp\/v2\/pages\/63\/revisions\/755"}],"wp:attachment":[{"href":"https:\/\/hrglobal.info\/index.php\/wp-json\/wp\/v2\/media?parent=63"}],"curies":[{"name":"wp","href":"https:\/\/api.w.org\/{rel}","templated":true}]}}